{"id":5592,"date":"2016-12-05T09:17:34","date_gmt":"2016-12-05T09:17:34","guid":{"rendered":"https:\/\/demo.wpzoom.com\/inspiro\/?page_id=5592"},"modified":"2025-11-13T10:26:50","modified_gmt":"2025-11-13T10:26:50","slug":"sobre","status":"publish","type":"page","link":"https:\/\/ocesargalao.me\/?page_id=5592","title":{"rendered":"Sobre Mim"},"content":{"rendered":"\t\t<div data-elementor-type=\"wp-page\" data-elementor-id=\"5592\" class=\"elementor elementor-5592\">\n\t\t\t\t\t\t<section class=\"elementor-section elementor-top-section elementor-element elementor-element-6dd5e545 elementor-section-boxed elementor-section-height-default elementor-section-height-default\" data-id=\"6dd5e545\" data-element_type=\"section\" data-e-type=\"section\">\n\t\t\t\t\t\t<div class=\"elementor-container elementor-column-gap-no\">\n\t\t\t\t\t<div class=\"elementor-column elementor-col-100 elementor-top-column elementor-element elementor-element-35934f08\" data-id=\"35934f08\" data-element_type=\"column\" data-e-type=\"column\">\n\t\t\t<div class=\"elementor-widget-wrap elementor-element-populated\">\n\t\t\t\t\t\t<section class=\"elementor-section elementor-inner-section elementor-element elementor-element-7a19ee1 elementor-section-full_width elementor-section-height-default elementor-section-height-default\" data-id=\"7a19ee1\" data-element_type=\"section\" data-e-type=\"section\">\n\t\t\t\t\t\t<div class=\"elementor-container elementor-column-gap-no\">\n\t\t\t\t\t<div class=\"elementor-column elementor-col-100 elementor-inner-column elementor-element elementor-element-371c4441\" data-id=\"371c4441\" data-element_type=\"column\" data-e-type=\"column\">\n\t\t\t<div class=\"elementor-widget-wrap elementor-element-populated\">\n\t\t\t\t\t\t<div class=\"elementor-element elementor-element-14e4796c elementor-widget elementor-widget-text-editor\" data-id=\"14e4796c\" data-element_type=\"widget\" data-e-type=\"widget\" data-widget_type=\"text-editor.default\">\n\t\t\t\t\t\t\t\t\t<h3 style=\"text-align: left;\"><strong>C\u00e9sar Gal\u00e3o: Comprometido com Arronches e com a sua comunidade<\/strong><\/h3><p style=\"text-align: left;\">O meu nome \u00e9 C\u00e9sar Gal\u00e3o. Nasci em 1984 e fui criado em Arronches, terra \u00e0 qual estou profundamente ligado e onde cresci rodeado por pessoas que me ensinaram o valor da entreajuda, da dedica\u00e7\u00e3o e do compromisso com a comunidade.<\/p><p style=\"text-align: left;\">Conclu\u00ed o 12.\u00ba ano com o Curso Profissional de Turismo e, desde ent\u00e3o, iniciei um percurso profissional diversificado, sempre com o objetivo de contribuir para o desenvolvimento da minha terra. Trabalhei em v\u00e1rias institui\u00e7\u00f5es locais \u2014 C\u00e2mara Municipal, Junta de Freguesia, Conservat\u00f3ria e Centro de Bem-Estar Social \u2014 onde abracei cada projeto com empenho, responsabilidade e vontade de fazer a diferen\u00e7a.<\/p><p style=\"text-align: left;\">Na \u00e1rea cultural e desportiva, integrei v\u00e1rias associa\u00e7\u00f5es do concelho, tanto como membro das dire\u00e7\u00f5es como treinador de camadas jovens. Organizei torneios de futsal e t\u00e9nis, entre outras iniciativas, sempre com o intuito de dinamizar a vida desportiva local e envolver os mais novos.<\/p><p style=\"text-align: left;\">A minha liga\u00e7\u00e3o \u00e0 comunica\u00e7\u00e3o come\u00e7ou com o jornal <em>Not\u00edcias de Arronches<\/em>, onde tive o privil\u00e9gio de colaborar e criar o primeiro website da publica\u00e7\u00e3o \u2014 um projeto pioneiro na altura, que me deu grande orgulho.<\/p><p style=\"text-align: left;\">Mais recentemente, abracei o mundo dos desportos eletr\u00f3nicos como comentador da RTP Arena, projeto da R\u00e1dio e Televis\u00e3o de Portugal. Tive a honra de participar em transmiss\u00f5es em plataformas digitais como a Twitch e o YouTube, e tamb\u00e9m em televis\u00e3o, nomeadamente na final do primeiro Moche XL Esports, na Altice Arena \u2014 um momento marcante para os eSports em Portugal.<\/p><p style=\"text-align: left;\">Voltei recentemente a colaborar com o <em>Not\u00edcias de Arronches<\/em>, a convite do seu diretor e meu amigo Fernando Marques, a quem agrade\u00e7o sinceramente a confian\u00e7a.<\/p><p style=\"text-align: left;\">Acima de tudo, tenho um amor incondicional por Arronches e pelas suas gentes. Sinto que chegou o momento de retribuir tudo o que esta terra me deu. Estou profundamente empenhado em contribuir para o seu crescimento e desenvolvimento, e quero partilhar convosco um novo projeto que nasce deste compromisso.<\/p><p style=\"text-align: left;\">Agrade\u00e7o a todos os que j\u00e1 acompanham as nossas redes sociais. Convido-vos a continuar a partilhar e a envolverem-se \u2014 juntos, podemos construir algo novo e diferente para Arronches.<\/p><p style=\"text-align: left;\">\u00a0<\/p><p style=\"text-align: left;\">Sou o C\u00e9sar, tenho 40 anos e estou pronto para dar o meu melhor pela nossa terra.<\/p>\t\t\t\t\t\t\t\t<\/div>\n\t\t\t\t<div class=\"elementor-element elementor-element-89ab21a elementor-widget elementor-widget-image\" data-id=\"89ab21a\" data-element_type=\"widget\" data-e-type=\"widget\" data-widget_type=\"image.default\">\n\t\t\t\t\t\t\t\t\t\t\t\t\t\t\t<img fetchpriority=\"high\" decoding=\"async\" width=\"1126\" height=\"778\" src=\"https:\/\/ocesargalao.me\/wp-content\/uploads\/2025\/11\/Cesar_Galao.png\" class=\"attachment-full size-full wp-image-6805\" alt=\"\" srcset=\"https:\/\/ocesargalao.me\/wp-content\/uploads\/2025\/11\/Cesar_Galao.png 1126w, https:\/\/ocesargalao.me\/wp-content\/uploads\/2025\/11\/Cesar_Galao-300x207.png 300w, https:\/\/ocesargalao.me\/wp-content\/uploads\/2025\/11\/Cesar_Galao-1024x708.png 1024w, https:\/\/ocesargalao.me\/wp-content\/uploads\/2025\/11\/Cesar_Galao-600x415.png 600w\" sizes=\"100vw\" \/>\t\t\t\t\t\t\t\t\t\t\t\t\t\t\t<\/div>\n\t\t\t\t\t<\/div>\n\t\t<\/div>\n\t\t\t\t\t<\/div>\n\t\t<\/section>\n\t\t\t\t\t<\/div>\n\t\t<\/div>\n\t\t\t\t\t<\/div>\n\t\t<\/section>\n\t\t\t\t<\/div>\n\t\t","protected":false},"excerpt":{"rendered":"<p>C\u00e9sar Gal\u00e3o: Comprometido com Arronches e com a sua comunidade O meu nome \u00e9 C\u00e9sar Gal\u00e3o. Nasci em 1984 e fui criado em Arronches, terra \u00e0 qual estou profundamente ligado e onde cresci rodeado por pessoas que me ensinaram o valor da entreajuda, da dedica\u00e7\u00e3o e do compromisso com a comunidade. Conclu\u00ed o 12.\u00ba ano &hellip; <\/p>\n<p class=\"link-more\"><a href=\"https:\/\/ocesargalao.me\/?page_id=5592\" class=\"more-link\">Read more<span class=\"screen-reader-text\"> &#8220;Sobre Mim&#8221;<\/span><\/a><\/p>\n","protected":false},"author":1,"featured_media":6803,"parent":0,"menu_order":0,"comment_status":"closed","ping_status":"closed","template":"page-templates\/full-width-builder-bb.php","meta":{"inspiro_hide_title":false,"footnotes":""},"class_list":["post-5592","page","type-page","status-publish","has-post-thumbnail","hentry"],"jetpack_sharing_enabled":true,"featured_media_urls":{"thumbnail":["https:\/\/ocesargalao.me\/wp-content\/uploads\/2025\/11\/Cesar_1-150x150.png",150,150,true],"medium":["https:\/\/ocesargalao.me\/wp-content\/uploads\/2025\/11\/Cesar_1-300x200.png",300,200,true],"medium_large":["https:\/\/ocesargalao.me\/wp-content\/uploads\/2025\/11\/Cesar_1.png",768,511,false],"large":["https:\/\/ocesargalao.me\/wp-content\/uploads\/2025\/11\/Cesar_1-1024x681.png",950,632,true],"1536x1536":["https:\/\/ocesargalao.me\/wp-content\/uploads\/2025\/11\/Cesar_1.png",1124,748,false],"2048x2048":["https:\/\/ocesargalao.me\/wp-content\/uploads\/2025\/11\/Cesar_1.png",1124,748,false],"inspiro-featured-image":["https:\/\/ocesargalao.me\/wp-content\/uploads\/2025\/11\/Cesar_1.png",1124,748,false],"inspiro-loop":["https:\/\/ocesargalao.me\/wp-content\/uploads\/2025\/11\/Cesar_1-950x320.png",950,320,true],"inspiro-loop@2x":["https:\/\/ocesargalao.me\/wp-content\/uploads\/2025\/11\/Cesar_1-1124x640.png",1124,640,true],"portfolio_item-thumbnail":["https:\/\/ocesargalao.me\/wp-content\/uploads\/2025\/11\/Cesar_1-600x400.png",600,400,true],"portfolio_item-thumbnail@2x":["https:\/\/ocesargalao.me\/wp-content\/uploads\/2025\/11\/Cesar_1.png",1124,748,false],"portfolio_item-masonry":["https:\/\/ocesargalao.me\/wp-content\/uploads\/2025\/11\/Cesar_1-600x399.png",600,399,true],"portfolio_item-masonry@2x":["https:\/\/ocesargalao.me\/wp-content\/uploads\/2025\/11\/Cesar_1.png",1124,748,false],"portfolio_item-thumbnail_cinema":["https:\/\/ocesargalao.me\/wp-content\/uploads\/2025\/11\/Cesar_1-800x335.png",800,335,true],"portfolio_item-thumbnail_portrait":["https:\/\/ocesargalao.me\/wp-content\/uploads\/2025\/11\/Cesar_1-600x748.png",600,748,true],"portfolio_item-thumbnail_portrait@2x":["https:\/\/ocesargalao.me\/wp-content\/uploads\/2025\/11\/Cesar_1.png",1124,748,false],"portfolio_item-thumbnail_square":["https:\/\/ocesargalao.me\/wp-content\/uploads\/2025\/11\/Cesar_1-800x748.png",800,748,true]},"_links":{"self":[{"href":"https:\/\/ocesargalao.me\/index.php?rest_route=\/wp\/v2\/pages\/5592","targetHints":{"allow":["GET"]}}],"collection":[{"href":"https:\/\/ocesargalao.me\/index.php?rest_route=\/wp\/v2\/pages"}],"about":[{"href":"https:\/\/ocesargalao.me\/index.php?rest_route=\/wp\/v2\/types\/page"}],"author":[{"embeddable":true,"href":"https:\/\/ocesargalao.me\/index.php?rest_route=\/wp\/v2\/users\/1"}],"replies":[{"embeddable":true,"href":"https:\/\/ocesargalao.me\/index.php?rest_route=%2Fwp%2Fv2%2Fcomments&post=5592"}],"version-history":[{"count":5,"href":"https:\/\/ocesargalao.me\/index.php?rest_route=\/wp\/v2\/pages\/5592\/revisions"}],"predecessor-version":[{"id":6919,"href":"https:\/\/ocesargalao.me\/index.php?rest_route=\/wp\/v2\/pages\/5592\/revisions\/6919"}],"wp:featuredmedia":[{"embeddable":true,"href":"https:\/\/ocesargalao.me\/index.php?rest_route=\/wp\/v2\/media\/6803"}],"wp:attachment":[{"href":"https:\/\/ocesargalao.me\/index.php?rest_route=%2Fwp%2Fv2%2Fmedia&parent=5592"}],"curies":[{"name":"wp","href":"https:\/\/api.w.org\/{rel}","templated":true}]}}